{"id":17017,"date":"2021-10-15T10:33:19","date_gmt":"2021-10-15T08:33:19","guid":{"rendered":"https:\/\/www.checkyeti.com\/blog\/?page_id=17017"},"modified":"2021-10-15T14:49:22","modified_gmt":"2021-10-15T12:49:22","slug":"szkoly-narciarskie-w-solden-zarezerwuj-lekcje-narciarstwa","status":"publish","type":"page","link":"https:\/\/www.checkyeti.com\/blog\/en\/szkoly-narciarskie-w-solden-zarezerwuj-lekcje-narciarstwa","title":{"rendered":"Szko\u0142y narciarskie w S\u00f6lden: Zarezerwuj lekcje narciarstwa"},"content":{"rendered":"\n<figure class=\"wp-block-image size-large is-style-default\"><img loading=\"lazy\" decoding=\"async\" width=\"1024\" height=\"240\" src=\"https:\/\/blog-cdn.checkyeti.com\/wp-content\/uploads\/2021\/10\/ski-school-soelden_sem-resort-hero_csolden-tourismus-1024x240.jpg\" alt=\"\" class=\"wp-image-16971\" srcset=\"https:\/\/blog-cdn.checkyeti.com\/wp-content\/uploads\/2021\/10\/ski-school-soelden_sem-resort-hero_csolden-tourismus-1024x240.jpg 1024w, https:\/\/blog-cdn.checkyeti.com\/wp-content\/uploads\/2021\/10\/ski-school-soelden_sem-resort-hero_csolden-tourismus-300x70.jpg 300w, https:\/\/blog-cdn.checkyeti.com\/wp-content\/uploads\/2021\/10\/ski-school-soelden_sem-resort-hero_csolden-tourismus-768x180.jpg 768w, https:\/\/blog-cdn.checkyeti.com\/wp-content\/uploads\/2021\/10\/ski-school-soelden_sem-resort-hero_csolden-tourismus-1536x360.jpg 1536w, https:\/\/blog-cdn.checkyeti.com\/wp-content\/uploads\/2021\/10\/ski-school-soelden_sem-resort-hero_csolden-tourismus-2048x480.jpg 2048w\" sizes=\"(max-width: 767px) 89vw, (max-width: 1000px) 54vw, (max-width: 1071px) 543px, 580px\" \/><\/figure>\n\n\n\n<h1 class=\"gb-headline gb-headline-25ab1ba5 gb-headline-text\"><img loading=\"lazy\" decoding=\"async\" width=\"550\" height=\"367\" class=\"wp-image-16490\" style=\"width: 25px;\" src=\"https:\/\/blog-cdn.checkyeti.com\/wp-content\/uploads\/2021\/09\/AT.png\" alt=\"\" srcset=\"https:\/\/blog-cdn.checkyeti.com\/wp-content\/uploads\/2021\/09\/AT.png 550w, https:\/\/blog-cdn.checkyeti.com\/wp-content\/uploads\/2021\/09\/AT-300x200.png 300w\" sizes=\"(max-width: 550px) 100vw, 550px\" \/> Austria:<br>Popularne szko\u0142y narciarskie w S\u00f6lden<\/h1>\n\n\n\n<p>Por\u00f3wnaj oferty ponad 40 szk\u00f3\u0142 narciarskich z ponad 400 opiniami klient\u00f3w, dotycz\u0105cymi lekcji jazdy na nartach, lekcji jazdy na snowboardzie i nie tylko.<\/p>\n\n\n\n<p class=\"has-black-color has-text-color\" style=\"font-size:17px\"><a href=\"https:\/\/www.checkyeti.com\/en\/p\/223\/vacancia\">Ski- und Snowboardschule Vacancia S\u00f6lden<\/a><\/p>\n\n\n<div class=\"gb-grid-wrapper gb-grid-wrapper-cf9ee3a9\">\n<div class=\"gb-grid-column gb-grid-column-50f47475\"><div class=\"gb-container gb-container-50f47475\"><div class=\"gb-inside-container\">\n\n<p style=\"font-size:15px\"><strong>Oferowane kursy:<\/strong><br>&#8211; Lekcje jazdy na nartach dla dzieci<br>&#8211; Lekcje jazdy na nartach dla doros\u0142ych<br>&#8211; Lekcje jazdy na snowboardzie<\/p>\n\n<\/div><\/div><\/div>\n\n<div class=\"gb-grid-column gb-grid-column-09cddd74\"><div class=\"gb-container gb-container-09cddd74\"><div class=\"gb-inside-container\">\n\n<figure class=\"wp-block-image size-large is-resized is-style-rounded\"><img loading=\"lazy\" decoding=\"async\" src=\"https:\/\/blog-cdn.checkyeti.com\/wp-content\/uploads\/2021\/10\/vacancia_logo-1.jpg\" alt=\"\" class=\"wp-image-17018\" width=\"98\" height=\"96\"\/><\/figure>\n\n<\/div><\/div><\/div>\n<\/div>\n\n\n<p class=\"has-small-font-size\"><strong>Bezp\u0142atne anulowanie wszystkich rezerwacji<br>Mo\u017cliwo\u015b\u0107 wypo\u017cyczenia nart i snowboard\u00f3w<\/strong><\/p>\n\n\n\n<hr class=\"wp-block-separator\"\/>\n\n\n\n<p class=\"has-black-color has-text-color\" style=\"font-size:17px\"><a href=\"https:\/\/www.checkyeti.com\/en\/p\/147\/sport123\"><a href=\"https:\/\/www.checkyeti.com\/en\/p\/147\/sport123\" target=\"_blank\" rel=\"noreferrer noopener\">Ski- und Bikeschule \u00d6tztal S\u00f6lden<\/a><\/a><\/p>\n\n\n<div class=\"gb-grid-wrapper gb-grid-wrapper-dc42620c\">\n<div class=\"gb-grid-column gb-grid-column-849a1a8d\"><div class=\"gb-container gb-container-849a1a8d\"><div class=\"gb-inside-container\">\n<div class=\"gb-grid-wrapper gb-grid-wrapper-5b8e3c98\">\n<div class=\"gb-grid-column gb-grid-column-0e288ed6\"><div class=\"gb-container gb-container-0e288ed6\"><div class=\"gb-inside-container\">\n\n<p style=\"font-size:15px\"><strong>Oferowane kursy:<\/strong><br>&#8211; Lekcje jazdy na nartach dla dzieci<br>&#8211; Lekcje jazdy na nartach dla doros\u0142ych<br>&#8211; Lekcje jazdy na snowboardzie<\/p>\n\n<\/div><\/div><\/div>\n<\/div>\n\n\n<p class=\"has-small-font-size\"><strong><strong>Bezp\u0142atne anulowanie wszystkich rezerwacji<br>Mo\u017cliwo\u015b\u0107 wypo\u017cyczenia nart i snowboard\u00f3w<\/strong><\/strong><\/p>\n\n<\/div><\/div><\/div>\n\n<div class=\"gb-grid-column gb-grid-column-91395072\"><div class=\"gb-container gb-container-91395072\"><div class=\"gb-inside-container\">\n\n<figure class=\"wp-block-image size-large\"><img loading=\"lazy\" decoding=\"async\" width=\"1024\" height=\"1024\" src=\"https:\/\/blog-cdn.checkyeti.com\/wp-content\/uploads\/2021\/10\/logo-ski-bike-oetztal-soelden-1024x1024.png\" alt=\"\" class=\"wp-image-16973\" srcset=\"https:\/\/blog-cdn.checkyeti.com\/wp-content\/uploads\/2021\/10\/logo-ski-bike-oetztal-soelden-1024x1024.png 1024w, https:\/\/blog-cdn.checkyeti.com\/wp-content\/uploads\/2021\/10\/logo-ski-bike-oetztal-soelden-300x300.png 300w, https:\/\/blog-cdn.checkyeti.com\/wp-content\/uploads\/2021\/10\/logo-ski-bike-oetztal-soelden-150x150.png 150w, https:\/\/blog-cdn.checkyeti.com\/wp-content\/uploads\/2021\/10\/logo-ski-bike-oetztal-soelden-768x768.png 768w, https:\/\/blog-cdn.checkyeti.com\/wp-content\/uploads\/2021\/10\/logo-ski-bike-oetztal-soelden-100x100.png 100w, https:\/\/blog-cdn.checkyeti.com\/wp-content\/uploads\/2021\/10\/logo-ski-bike-oetztal-soelden.png 1042w\" sizes=\"(max-width: 767px) 89vw, (max-width: 1000px) 54vw, (max-width: 1071px) 543px, 580px\" \/><\/figure>\n\n<\/div><\/div><\/div>\n<\/div>\n\n\n<hr class=\"wp-block-separator is-style-default\"\/>\n\n\n\n<p class=\"has-black-color has-text-color\"><a href=\"https:\/\/www.checkyeti.com\/en\/p\/1214\/skischule-arena?resortId=75\"><a href=\"https:\/\/www.checkyeti.com\/en\/p\/99\/snowlines\" target=\"_blank\" rel=\"noreferrer noopener\">Ski- und Snowboardschule SNOWLINES S\u00f6lden<\/a><\/a><\/p>\n\n\n<div class=\"gb-grid-wrapper gb-grid-wrapper-32576621\">\n<div class=\"gb-grid-column gb-grid-column-7b24184c\"><div class=\"gb-container gb-container-7b24184c\"><div class=\"gb-inside-container\">\n<div class=\"gb-grid-wrapper gb-grid-wrapper-d86f9e3b\">\n<div class=\"gb-grid-column gb-grid-column-481c0105\"><div class=\"gb-container gb-container-481c0105\"><div class=\"gb-inside-container\">\n\n<p style=\"font-size:15px\"><strong><strong>Oferowane kursy:<\/strong><br><\/strong>&#8211; Indywidualne lekcje jazdy na nartach dla dzieci<br>&#8211; Indywidualne lekcje jazdy na nartach dla doros\u0142ych<br>&#8211; Indywidualne lekcje jazdy na snowboardzie<br>&#8211; Indywidualne darmowe lekcje Freeride<\/p>\n\n<\/div><\/div><\/div>\n<\/div>\n\n\n<p class=\"has-small-font-size\"><strong><strong>Bezp\u0142atne anulowanie wszystkich rezerwacji<br>Mo\u017cliwo\u015b\u0107 wypo\u017cyczenia nart i snowboard\u00f3w<\/strong><\/strong><\/p>\n\n<\/div><\/div><\/div>\n\n<div class=\"gb-grid-column gb-grid-column-7c55113b\"><div class=\"gb-container gb-container-7c55113b\"><div class=\"gb-inside-container\">\n\n<figure class=\"wp-block-image size-large is-resized\"><img loading=\"lazy\" decoding=\"async\" src=\"https:\/\/blog-cdn.checkyeti.com\/wp-content\/uploads\/2021\/10\/snowlines-soelden-logo.jpg\" alt=\"\" class=\"wp-image-16974\" width=\"103\" height=\"103\" srcset=\"https:\/\/blog-cdn.checkyeti.com\/wp-content\/uploads\/2021\/10\/snowlines-soelden-logo.jpg 500w, https:\/\/blog-cdn.checkyeti.com\/wp-content\/uploads\/2021\/10\/snowlines-soelden-logo-300x300.jpg 300w, https:\/\/blog-cdn.checkyeti.com\/wp-content\/uploads\/2021\/10\/snowlines-soelden-logo-150x150.jpg 150w, https:\/\/blog-cdn.checkyeti.com\/wp-content\/uploads\/2021\/10\/snowlines-soelden-logo-100x100.jpg 100w\" sizes=\"(max-width: 103px) 100vw, 103px\" \/><\/figure>\n\n<\/div><\/div><\/div>\n<\/div>\n\n\n<hr class=\"wp-block-separator is-style-wide\"\/>\n\n\n\n<h2 class=\"wp-block-heading\" style=\"font-size:25px\">Por\u00f3wnaj wed\u0142ug kategorii kurs\u00f3w<\/h2>\n\n\n\n<p>Wyszukaj dost\u0119pne lekcje jazdy na nartach, lekcje jazdy na snowboardzie oraz inne zaj\u0119cia, oferowane przez szko\u0142y narciarskie w S\u00f6lden.<\/p>\n\n\n<div class=\"gb-grid-wrapper gb-grid-wrapper-7a0f29d3\">\n<div class=\"gb-grid-column gb-grid-column-2ee54f59\"><div class=\"gb-container gb-container-2ee54f59\"><div class=\"gb-inside-container\">\n\n<figure class=\"wp-block-image size-large is-style-default\"><img loading=\"lazy\" decoding=\"async\" width=\"799\" height=\"533\" src=\"https:\/\/blog-cdn.checkyeti.com\/wp-content\/uploads\/2021\/10\/47998801071_aeafe9b4f5_c-1.jpg\" alt=\"\" class=\"wp-image-16702\" srcset=\"https:\/\/blog-cdn.checkyeti.com\/wp-content\/uploads\/2021\/10\/47998801071_aeafe9b4f5_c-1.jpg 799w, https:\/\/blog-cdn.checkyeti.com\/wp-content\/uploads\/2021\/10\/47998801071_aeafe9b4f5_c-1-300x200.jpg 300w, https:\/\/blog-cdn.checkyeti.com\/wp-content\/uploads\/2021\/10\/47998801071_aeafe9b4f5_c-1-768x512.jpg 768w\" sizes=\"(max-width: 767px) 89vw, (max-width: 1000px) 54vw, (max-width: 1071px) 543px, 580px\" \/><\/figure>\n\n\n\n<div class='checkyeti-cta-button-wrapper'>\r\n\t<a href=\"https:\/\/www.checkyeti.com\/en\/winter\/austria\/soelden\/certified-ski-schools-ski-instructors?productTypes=skiing-kids&amp;productCategories=group\" class='checkyeti-cta-button' target=\"_blank\" title=\"Kids Group lessons\">Grupowa jazda na nartach dla dzieci<\/a>\r\n<\/div>\n\n\n\n<figure class=\"wp-block-image size-large is-style-default\"><img loading=\"lazy\" decoding=\"async\" width=\"799\" height=\"533\" src=\"https:\/\/blog-cdn.checkyeti.com\/wp-content\/uploads\/2021\/10\/47998912736_2a291941ca_c.jpg\" alt=\"\" class=\"wp-image-16741\" srcset=\"https:\/\/blog-cdn.checkyeti.com\/wp-content\/uploads\/2021\/10\/47998912736_2a291941ca_c.jpg 799w, https:\/\/blog-cdn.checkyeti.com\/wp-content\/uploads\/2021\/10\/47998912736_2a291941ca_c-300x200.jpg 300w, https:\/\/blog-cdn.checkyeti.com\/wp-content\/uploads\/2021\/10\/47998912736_2a291941ca_c-768x512.jpg 768w\" sizes=\"(max-width: 767px) 89vw, (max-width: 1000px) 54vw, (max-width: 1071px) 543px, 580px\" \/><\/figure>\n\n\n\n<div class='checkyeti-cta-button-wrapper'>\r\n\t<a href=\"https:\/\/www.checkyeti.com\/en\/winter\/austria\/soelden\/certified-ski-schools-ski-instructors?productTypes=skiing-adults&amp;productCategories=group\" class='checkyeti-cta-button' target=\"_blank\" title=\"Adult group lesson\">Grupowa jazda na nartach dla doros\u0142ych<\/a>\r\n<\/div>\n\n<\/div><\/div><\/div>\n\n<div class=\"gb-grid-column gb-grid-column-51a45795\"><div class=\"gb-container gb-container-51a45795\"><div class=\"gb-inside-container\">\n\n<figure class=\"wp-block-image size-large is-style-default\"><img loading=\"lazy\" decoding=\"async\" width=\"799\" height=\"533\" src=\"https:\/\/blog-cdn.checkyeti.com\/wp-content\/uploads\/2021\/10\/47998769286_6498caf1ed_c.jpg\" alt=\"\" class=\"wp-image-16739\" srcset=\"https:\/\/blog-cdn.checkyeti.com\/wp-content\/uploads\/2021\/10\/47998769286_6498caf1ed_c.jpg 799w, https:\/\/blog-cdn.checkyeti.com\/wp-content\/uploads\/2021\/10\/47998769286_6498caf1ed_c-300x200.jpg 300w, https:\/\/blog-cdn.checkyeti.com\/wp-content\/uploads\/2021\/10\/47998769286_6498caf1ed_c-768x512.jpg 768w\" sizes=\"(max-width: 767px) 89vw, (max-width: 1000px) 54vw, (max-width: 1071px) 543px, 580px\" \/><\/figure>\n\n\n\n<div class='checkyeti-cta-button-wrapper'>\r\n\t<a href=\"https:\/\/www.checkyeti.com\/en\/winter\/austria\/soelden\/certified-ski-schools-ski-instructors?productTypes=skiing-kids&amp;productCategories=private\" class='checkyeti-cta-button' target=\"_blank\" title=\"Kids Private lessons\">Indywidualna jazda na nartach dla dzieci<\/a>\r\n<\/div>\n\n\n\n<figure class=\"wp-block-image size-large is-style-default\"><img loading=\"lazy\" decoding=\"async\" width=\"799\" height=\"533\" src=\"https:\/\/blog-cdn.checkyeti.com\/wp-content\/uploads\/2021\/10\/47998860262_aec3b114a0_c.jpg\" alt=\"\" class=\"wp-image-16742\" srcset=\"https:\/\/blog-cdn.checkyeti.com\/wp-content\/uploads\/2021\/10\/47998860262_aec3b114a0_c.jpg 799w, https:\/\/blog-cdn.checkyeti.com\/wp-content\/uploads\/2021\/10\/47998860262_aec3b114a0_c-300x200.jpg 300w, https:\/\/blog-cdn.checkyeti.com\/wp-content\/uploads\/2021\/10\/47998860262_aec3b114a0_c-768x512.jpg 768w\" sizes=\"(max-width: 767px) 89vw, (max-width: 1000px) 54vw, (max-width: 1071px) 543px, 580px\" \/><\/figure>\n\n\n\n<div class='checkyeti-cta-button-wrapper'>\r\n\t<a href=\"https:\/\/www.checkyeti.com\/en\/winter\/austria\/soelden\/certified-ski-schools-ski-instructors?productTypes=skiing-adults&amp;productCategories=private\" class='checkyeti-cta-button' target=\"_blank\" title=\"Adult private lessons\">Indywidualna jazda na nartach dla doros\u0142ych<\/a>\r\n<\/div>\n\n<\/div><\/div><\/div>\n<\/div>\n\n<div class=\"gb-button-wrapper gb-button-wrapper-27b95a20\">\n\n<a class=\"gb-button gb-button-1feef5f5 gb-button-text\" style=\"box-shadow: none !important;\" href=\"https:\/\/www.checkyeti.com\/en\/winter\/austria\/soelden\/certified-ski-schools-ski-instructors\"><strong>Zobacz oferty wszystkich szk\u00f3\u0142 narciarskich<\/strong><\/a>\n\n<\/div>\n\n\n<hr class=\"wp-block-separator is-style-wide\"\/>\n\n\n\n<h2 class=\"wp-block-heading\" style=\"font-size:25px\">Co zyskujesz korzystaj\u0105c z checkyeti<\/h2>\n\n\n\n<p><strong>\u2713 Najlepsze ceny<br>\u2713 Zweryfikowane opinie klient\u00f3w<br>\u2713 365-dniowa obs\u0142uga klienta<br>\u2713 \u0141atwa rezerwacja online<\/strong><\/p>\n\n\n\n<h2 class=\"wp-block-heading\" style=\"font-size:25px\">Skontaktuj si\u0119 z nami<\/h2>\n\n\n<div class=\"gb-grid-wrapper gb-grid-wrapper-b32c2cec\">\n<div class=\"gb-grid-column gb-grid-column-30754639\"><div class=\"gb-container gb-container-30754639\"><div class=\"gb-inside-container\">\n\n<div class=\"wp-block-image is-style-rounded\"><figure class=\"aligncenter size-large is-resized\"><img loading=\"lazy\" decoding=\"async\" src=\"https:\/\/blog-cdn.checkyeti.com\/wp-content\/uploads\/2021\/10\/laura_small_darkened-background-1.jpg\" alt=\"\" class=\"wp-image-16920\" width=\"125\" height=\"125\" srcset=\"https:\/\/blog-cdn.checkyeti.com\/wp-content\/uploads\/2021\/10\/laura_small_darkened-background-1.jpg 600w, https:\/\/blog-cdn.checkyeti.com\/wp-content\/uploads\/2021\/10\/laura_small_darkened-background-1-300x300.jpg 300w, https:\/\/blog-cdn.checkyeti.com\/wp-content\/uploads\/2021\/10\/laura_small_darkened-background-1-150x150.jpg 150w, https:\/\/blog-cdn.checkyeti.com\/wp-content\/uploads\/2021\/10\/laura_small_darkened-background-1-100x100.jpg 100w\" sizes=\"(max-width: 125px) 100vw, 125px\" \/><\/figure><\/div>\n\n<\/div><\/div><\/div>\n\n<div class=\"gb-grid-column gb-grid-column-dd563a3b\"><div class=\"gb-container gb-container-dd563a3b\"><div class=\"gb-inside-container\">\n\n<p><strong>Chcesz dokona\u0107 rezerwacji przez telefon?<\/strong><br>Porozmawiaj z naszym ekspertem od sport\u00f3w zimowych Laura<br><br><img decoding=\"async\" src=\"https:\/\/blog-cdn.checkyeti.com\/wp-content\/uploads\/2021\/09\/15x15xphone-32.png.pagespeed.ic.Q3asm5DxIn.webp\" alt=\"\" style=\"width: 17px;\">&nbsp;<strong>+43 1 386 50 20<\/strong><\/p>\n\n<\/div><\/div><\/div>\n<\/div>\n\n\n<p><\/p>\n","protected":false},"excerpt":{"rendered":"<p>Austria:Popularne szko\u0142y narciarskie w S\u00f6lden Por\u00f3wnaj oferty ponad 40 szk\u00f3\u0142 narciarskich z ponad 400 opiniami klient\u00f3w, dotycz\u0105cymi lekcji jazdy na nartach, lekcji jazdy na snowboardzie i nie tylko. Ski- und Snowboardschule Vacancia S\u00f6lden Bezp\u0142atne anulowanie wszystkich rezerwacjiMo\u017cliwo\u015b\u0107 wypo\u017cyczenia nart i snowboard\u00f3w Ski- und Bikeschule \u00d6tztal S\u00f6lden Ski- und Snowboardschule SNOWLINES S\u00f6lden Por\u00f3wnaj wed\u0142ug kategorii kurs\u00f3w &hellip; <\/p>\n<p class=\"link-more\"><a href=\"https:\/\/www.checkyeti.com\/blog\/en\/szkoly-narciarskie-w-solden-zarezerwuj-lekcje-narciarstwa\" class=\"more-link\">Continue reading<span class=\"screen-reader-text\"> &#8220;Szko\u0142y narciarskie w S\u00f6lden: Zarezerwuj lekcje narciarstwa&#8221;<\/span><\/a><\/p>\n","protected":false},"author":27,"featured_media":0,"parent":0,"menu_order":0,"comment_status":"closed","ping_status":"closed","template":"","meta":{"_acf_changed":false,"_generate-full-width-content":"","footnotes":""},"coauthors":[793],"acf":[],"yoast_head":"<!-- This site is optimized with the Yoast SEO plugin v16.6.1 - https:\/\/yoast.com\/wordpress\/plugins\/seo\/ -->\n<title>Szko\u0142y narciarskie w S\u00f6lden: Zarezerwuj lekcje narciarstwa - checkyeti Blog<\/title>\n<meta name=\"description\" content=\"Por\u00f3wnaj oferty ponad 20 szk\u00f3\u0142 narciarskich z ponad 400 opiniami klient\u00f3w, dotycz\u0105cymi lekcji jazdy na nartach, lekcji jazdy na snowboardzie i nie tylko.\" \/>\n<meta name=\"robots\" content=\"index, follow, max-snippet:-1, max-image-preview:large, max-video-preview:-1\" \/>\n<link rel=\"canonical\" href=\"https:\/\/www.checkyeti.com\/blog\/en\/szkoly-narciarskie-w-solden-zarezerwuj-lekcje-narciarstwa\" \/>\n<meta property=\"og:locale\" content=\"en_US\" \/>\n<meta property=\"og:type\" content=\"article\" \/>\n<meta property=\"og:title\" content=\"Szko\u0142y narciarskie w S\u00f6lden: Zarezerwuj lekcje narciarstwa - checkyeti Blog\" \/>\n<meta property=\"og:description\" content=\"Por\u00f3wnaj oferty ponad 20 szk\u00f3\u0142 narciarskich z ponad 400 opiniami klient\u00f3w, dotycz\u0105cymi lekcji jazdy na nartach, lekcji jazdy na snowboardzie i nie tylko.\" \/>\n<meta property=\"og:url\" content=\"https:\/\/www.checkyeti.com\/blog\/en\/szkoly-narciarskie-w-solden-zarezerwuj-lekcje-narciarstwa\" \/>\n<meta property=\"og:site_name\" content=\"checkyeti Blog\" \/>\n<meta property=\"article:modified_time\" content=\"2021-10-15T12:49:22+00:00\" \/>\n<meta property=\"og:image\" content=\"https:\/\/wordpress.checkyeti.com\/wp-content\/uploads\/2021\/10\/ski-school-soelden_sem-resort-hero_csolden-tourismus-1024x240.jpg\" \/>\n<meta name=\"twitter:card\" content=\"summary_large_image\" \/>\n<meta name=\"twitter:label1\" content=\"Est. reading time\" \/>\n\t<meta name=\"twitter:data1\" content=\"4 minutes\" \/>\n<script type=\"application\/ld+json\" class=\"yoast-schema-graph\">{\"@context\":\"https:\/\/schema.org\",\"@graph\":[{\"@type\":\"WebSite\",\"@id\":\"https:\/\/www.checkyeti.com\/blog\/#website\",\"url\":\"https:\/\/www.checkyeti.com\/blog\/\",\"name\":\"checkyeti Blog\",\"description\":\"\",\"potentialAction\":[{\"@type\":\"SearchAction\",\"target\":{\"@type\":\"EntryPoint\",\"urlTemplate\":\"https:\/\/www.checkyeti.com\/blog\/?s={search_term_string}\"},\"query-input\":\"required name=search_term_string\"}],\"inLanguage\":\"en-US\"},{\"@type\":\"ImageObject\",\"@id\":\"https:\/\/www.checkyeti.com\/blog\/en\/szkoly-narciarskie-w-solden-zarezerwuj-lekcje-narciarstwa#primaryimage\",\"inLanguage\":\"en-US\",\"url\":\"https:\/\/blog-cdn.checkyeti.com\/wp-content\/uploads\/2021\/10\/ski-school-soelden_sem-resort-hero_csolden-tourismus.jpg\",\"contentUrl\":\"https:\/\/blog-cdn.checkyeti.com\/wp-content\/uploads\/2021\/10\/ski-school-soelden_sem-resort-hero_csolden-tourismus.jpg\",\"width\":2559,\"height\":600},{\"@type\":\"WebPage\",\"@id\":\"https:\/\/www.checkyeti.com\/blog\/en\/szkoly-narciarskie-w-solden-zarezerwuj-lekcje-narciarstwa#webpage\",\"url\":\"https:\/\/www.checkyeti.com\/blog\/en\/szkoly-narciarskie-w-solden-zarezerwuj-lekcje-narciarstwa\",\"name\":\"Szko\\u0142y narciarskie w S\\u00f6lden: Zarezerwuj lekcje narciarstwa - checkyeti Blog\",\"isPartOf\":{\"@id\":\"https:\/\/www.checkyeti.com\/blog\/#website\"},\"primaryImageOfPage\":{\"@id\":\"https:\/\/www.checkyeti.com\/blog\/en\/szkoly-narciarskie-w-solden-zarezerwuj-lekcje-narciarstwa#primaryimage\"},\"datePublished\":\"2021-10-15T08:33:19+00:00\",\"dateModified\":\"2021-10-15T12:49:22+00:00\",\"description\":\"Por\\u00f3wnaj oferty ponad 20 szk\\u00f3\\u0142 narciarskich z ponad 400 opiniami klient\\u00f3w, dotycz\\u0105cymi lekcji jazdy na nartach, lekcji jazdy na snowboardzie i nie tylko.\",\"breadcrumb\":{\"@id\":\"https:\/\/www.checkyeti.com\/blog\/en\/szkoly-narciarskie-w-solden-zarezerwuj-lekcje-narciarstwa#breadcrumb\"},\"inLanguage\":\"en-US\",\"potentialAction\":[{\"@type\":\"ReadAction\",\"target\":[\"https:\/\/www.checkyeti.com\/blog\/en\/szkoly-narciarskie-w-solden-zarezerwuj-lekcje-narciarstwa\"]}]},{\"@type\":\"BreadcrumbList\",\"@id\":\"https:\/\/www.checkyeti.com\/blog\/en\/szkoly-narciarskie-w-solden-zarezerwuj-lekcje-narciarstwa#breadcrumb\",\"itemListElement\":[{\"@type\":\"ListItem\",\"position\":1,\"name\":\"Accueil\",\"item\":\"https:\/\/www.checkyeti.com\/blog\/de\"},{\"@type\":\"ListItem\",\"position\":2,\"name\":\"Szko\\u0142y narciarskie w S\\u00f6lden: Zarezerwuj lekcje narciarstwa\"}]}]}<\/script>\n<!-- \/ Yoast SEO plugin. -->","lang":"en","translations":{"en":17017},"pll_sync_post":[],"_links":{"self":[{"href":"https:\/\/www.checkyeti.com\/blog\/wp-json\/wp\/v2\/pages\/17017"}],"collection":[{"href":"https:\/\/www.checkyeti.com\/blog\/wp-json\/wp\/v2\/pages"}],"about":[{"href":"https:\/\/www.checkyeti.com\/blog\/wp-json\/wp\/v2\/types\/page"}],"author":[{"embeddable":true,"href":"https:\/\/www.checkyeti.com\/blog\/wp-json\/wp\/v2\/users\/27"}],"replies":[{"embeddable":true,"href":"https:\/\/www.checkyeti.com\/blog\/wp-json\/wp\/v2\/comments?post=17017"}],"version-history":[{"count":6,"href":"https:\/\/www.checkyeti.com\/blog\/wp-json\/wp\/v2\/pages\/17017\/revisions"}],"predecessor-version":[{"id":17101,"href":"https:\/\/www.checkyeti.com\/blog\/wp-json\/wp\/v2\/pages\/17017\/revisions\/17101"}],"wp:attachment":[{"href":"https:\/\/www.checkyeti.com\/blog\/wp-json\/wp\/v2\/media?parent=17017"}],"wp:term":[{"taxonomy":"author","embeddable":true,"href":"https:\/\/www.checkyeti.com\/blog\/wp-json\/wp\/v2\/coauthors?post=17017"}],"curies":[{"name":"wp","href":"https:\/\/api.w.org\/{rel}","templated":true}]}}