{"id":17093,"date":"2021-10-15T13:49:19","date_gmt":"2021-10-15T11:49:19","guid":{"rendered":"https:\/\/www.checkyeti.com\/blog\/?page_id=17093"},"modified":"2021-10-15T13:50:42","modified_gmt":"2021-10-15T11:50:42","slug":"szkoly-narciarskie-w-livigno-zarezerwuj-lekcje-narciarstwa","status":"publish","type":"page","link":"https:\/\/www.checkyeti.com\/blog\/en\/szkoly-narciarskie-w-livigno-zarezerwuj-lekcje-narciarstwa","title":{"rendered":"Szko\u0142y narciarskie w Livigno: Zarezerwuj lekcje narciarstwa"},"content":{"rendered":"\n<figure class=\"wp-block-image size-large is-style-default\"><img loading=\"lazy\" decoding=\"async\" width=\"1024\" height=\"367\" src=\"https:\/\/blog-cdn.checkyeti.com\/wp-content\/uploads\/2021\/10\/ski-schools-livigno_sem-resort-hero-1024x367.jpg\" alt=\"\" class=\"wp-image-17083\" srcset=\"https:\/\/blog-cdn.checkyeti.com\/wp-content\/uploads\/2021\/10\/ski-schools-livigno_sem-resort-hero-1024x367.jpg 1024w, https:\/\/blog-cdn.checkyeti.com\/wp-content\/uploads\/2021\/10\/ski-schools-livigno_sem-resort-hero-300x108.jpg 300w, https:\/\/blog-cdn.checkyeti.com\/wp-content\/uploads\/2021\/10\/ski-schools-livigno_sem-resort-hero-768x275.jpg 768w, https:\/\/blog-cdn.checkyeti.com\/wp-content\/uploads\/2021\/10\/ski-schools-livigno_sem-resort-hero.jpg 1534w\" sizes=\"(max-width: 767px) 89vw, (max-width: 1000px) 54vw, (max-width: 1071px) 543px, 580px\" \/><\/figure>\n\n\n\n<h1 class=\"gb-headline gb-headline-1e09d8c2 gb-headline-text\"><img loading=\"lazy\" decoding=\"async\" width=\"958\" height=\"659\" class=\"wp-image-17079\" style=\"width: 25px;\" src=\"https:\/\/blog-cdn.checkyeti.com\/wp-content\/uploads\/2021\/10\/flag-italy.png\" alt=\"\" srcset=\"https:\/\/blog-cdn.checkyeti.com\/wp-content\/uploads\/2021\/10\/flag-italy.png 958w, https:\/\/blog-cdn.checkyeti.com\/wp-content\/uploads\/2021\/10\/flag-italy-300x206.png 300w, https:\/\/blog-cdn.checkyeti.com\/wp-content\/uploads\/2021\/10\/flag-italy-768x528.png 768w\" sizes=\"(max-width: 767px) 89vw, (max-width: 1000px) 54vw, (max-width: 1071px) 543px, 580px\" \/>W\u0142ochy :<br>Popularne szko\u0142y narciarskie w Livigno<\/h1>\n\n\n\n<p>Por\u00f3wnaj oferty ponad 20 szk\u00f3\u0142 narciarskich z ponad 140 opiniami klient\u00f3w, dotycz\u0105cymi lekcji jazdy na nartach, lekcji jazdy na snowboardzie i nie tylko.<\/p>\n\n\n\n<p class=\"has-black-color has-text-color\" style=\"font-size:17px\"><a href=\"https:\/\/www.checkyeti.com\/en\/p\/1267\/scuola-di-sci-azzurra-livigno\">Scuola di Sci Azzurra Livigno<\/a><\/p>\n\n\n<div class=\"gb-grid-wrapper gb-grid-wrapper-5c89973b\">\n<div class=\"gb-grid-column gb-grid-column-7652dfdd\"><div class=\"gb-container gb-container-7652dfdd\"><div class=\"gb-inside-container\">\n\n<p style=\"font-size:15px\"><strong>Oferowane kursy:<\/strong><br>&#8211; Lekcje jazdy na nartach dla dzieci<br>&#8211; Lekcje jazdy na nartach dla doros\u0142ych<br>&#8211; Lekcje jazdy na snowboardzie<\/p>\n\n<\/div><\/div><\/div>\n\n<div class=\"gb-grid-column gb-grid-column-76742be8\"><div class=\"gb-container gb-container-76742be8\"><div class=\"gb-inside-container\">\n\n<figure class=\"wp-block-image size-large is-style-rounded\"><img loading=\"lazy\" decoding=\"async\" width=\"493\" height=\"472\" src=\"https:\/\/blog-cdn.checkyeti.com\/wp-content\/uploads\/2021\/10\/logo-azzurra.jpg\" alt=\"\" class=\"wp-image-17080\" srcset=\"https:\/\/blog-cdn.checkyeti.com\/wp-content\/uploads\/2021\/10\/logo-azzurra.jpg 493w, https:\/\/blog-cdn.checkyeti.com\/wp-content\/uploads\/2021\/10\/logo-azzurra-300x287.jpg 300w\" sizes=\"(max-width: 493px) 100vw, 493px\" \/><\/figure>\n\n<\/div><\/div><\/div>\n<\/div>\n\n\n<p class=\"has-small-font-size\"><strong>Bezp\u0142atne anulowanie wszystkich rezerwacji<br>Mo\u017cliwo\u015b\u0107 wypo\u017cyczenia nart i snowboard\u00f3w<\/strong><\/p>\n\n\n\n<hr class=\"wp-block-separator\"\/>\n\n\n\n<p class=\"has-black-color has-text-color\" style=\"font-size:17px\"><a href=\"https:\/\/www.checkyeti.com\/en\/p\/1131\/scuola-di-sci-e-snowboard-livigno-italy\">Scuola di Sci e Snowboard Livigno Italy<\/a><\/p>\n\n\n<div class=\"gb-grid-wrapper gb-grid-wrapper-f2c531cc\">\n<div class=\"gb-grid-column gb-grid-column-09cd7bd5\"><div class=\"gb-container gb-container-09cd7bd5\"><div class=\"gb-inside-container\">\n<div class=\"gb-grid-wrapper gb-grid-wrapper-49ba2693\">\n<div class=\"gb-grid-column gb-grid-column-00ecf044\"><div class=\"gb-container gb-container-00ecf044\"><div class=\"gb-inside-container\">\n\n<p style=\"font-size:15px\"><strong>Oferowane kursy:<\/strong><br>&#8211; Lekcje jazdy na nartach dla dzieci<br>&#8211; Lekcje jazdy na nartach dla doros\u0142ych<br>&#8211; Lekcje jazdy na snowboardzie<\/p>\n\n<\/div><\/div><\/div>\n<\/div>\n\n\n<p class=\"has-small-font-size\"><strong><strong>Bezp\u0142atne anulowanie wszystkich rezerwacji<br>Mo\u017cliwo\u015b\u0107 wypo\u017cyczenia nart i snowboard\u00f3w<\/strong><\/strong><\/p>\n\n<\/div><\/div><\/div>\n\n<div class=\"gb-grid-column gb-grid-column-b995bde5\"><div class=\"gb-container gb-container-b995bde5\"><div class=\"gb-inside-container\">\n\n<figure class=\"wp-block-image size-large\"><img loading=\"lazy\" decoding=\"async\" width=\"524\" height=\"524\" src=\"https:\/\/blog-cdn.checkyeti.com\/wp-content\/uploads\/2021\/10\/logo-livigno.jpg\" alt=\"\" class=\"wp-image-17081\" srcset=\"https:\/\/blog-cdn.checkyeti.com\/wp-content\/uploads\/2021\/10\/logo-livigno.jpg 524w, https:\/\/blog-cdn.checkyeti.com\/wp-content\/uploads\/2021\/10\/logo-livigno-300x300.jpg 300w, https:\/\/blog-cdn.checkyeti.com\/wp-content\/uploads\/2021\/10\/logo-livigno-150x150.jpg 150w, https:\/\/blog-cdn.checkyeti.com\/wp-content\/uploads\/2021\/10\/logo-livigno-100x100.jpg 100w\" sizes=\"(max-width: 524px) 100vw, 524px\" \/><\/figure>\n\n<\/div><\/div><\/div>\n<\/div>\n\n<div class=\"gb-grid-wrapper gb-grid-wrapper-75292fa9\"><\/div>\n\n\n<hr class=\"wp-block-separator is-style-wide\"\/>\n\n\n\n<h2 class=\"wp-block-heading\" style=\"font-size:25px\">Por\u00f3wnaj wed\u0142ug kategorii kurs\u00f3w<\/h2>\n\n\n\n<p>Wyszukaj dost\u0119pne lekcje jazdy na nartach, lekcje jazdy na snowboardzie oraz inne zaj\u0119cia, oferowane przez szko\u0142y narciarskie w Livigno.<\/p>\n\n\n<div class=\"gb-grid-wrapper gb-grid-wrapper-f5fb5605\">\n<div class=\"gb-grid-column gb-grid-column-44facb7d\"><div class=\"gb-container gb-container-44facb7d\"><div class=\"gb-inside-container\">\n\n<figure class=\"wp-block-image size-large is-style-default\"><img loading=\"lazy\" decoding=\"async\" width=\"799\" height=\"533\" src=\"https:\/\/blog-cdn.checkyeti.com\/wp-content\/uploads\/2021\/10\/47998801071_aeafe9b4f5_c-1.jpg\" alt=\"\" class=\"wp-image-16702\" srcset=\"https:\/\/blog-cdn.checkyeti.com\/wp-content\/uploads\/2021\/10\/47998801071_aeafe9b4f5_c-1.jpg 799w, https:\/\/blog-cdn.checkyeti.com\/wp-content\/uploads\/2021\/10\/47998801071_aeafe9b4f5_c-1-300x200.jpg 300w, https:\/\/blog-cdn.checkyeti.com\/wp-content\/uploads\/2021\/10\/47998801071_aeafe9b4f5_c-1-768x512.jpg 768w\" sizes=\"(max-width: 767px) 89vw, (max-width: 1000px) 54vw, (max-width: 1071px) 543px, 580px\" \/><\/figure>\n\n\n\n<div class='checkyeti-cta-button-wrapper'>\r\n\t<a href=\"https:\/\/www.checkyeti.com\/en\/winter\/italy\/livigno\/certified-ski-schools-ski-instructors?productTypes=skiing-kids&amp;productCategories=group\" class='checkyeti-cta-button' target=\"_blank\" title=\"Kids Group lessons\">Grupowa jazda na nartach dla dzieci<\/a>\r\n<\/div>\n\n\n\n<figure class=\"wp-block-image size-large is-style-default\"><img loading=\"lazy\" decoding=\"async\" width=\"799\" height=\"533\" src=\"https:\/\/blog-cdn.checkyeti.com\/wp-content\/uploads\/2021\/10\/47998912736_2a291941ca_c.jpg\" alt=\"\" class=\"wp-image-16741\" srcset=\"https:\/\/blog-cdn.checkyeti.com\/wp-content\/uploads\/2021\/10\/47998912736_2a291941ca_c.jpg 799w, https:\/\/blog-cdn.checkyeti.com\/wp-content\/uploads\/2021\/10\/47998912736_2a291941ca_c-300x200.jpg 300w, https:\/\/blog-cdn.checkyeti.com\/wp-content\/uploads\/2021\/10\/47998912736_2a291941ca_c-768x512.jpg 768w\" sizes=\"(max-width: 767px) 89vw, (max-width: 1000px) 54vw, (max-width: 1071px) 543px, 580px\" \/><\/figure>\n\n\n\n<div class='checkyeti-cta-button-wrapper'>\r\n\t<a href=\"https:\/\/www.checkyeti.com\/en\/winter\/italy\/livigno\/certified-ski-schools-ski-instructors?productTypes=skiing-adults&amp;productCategories=group\" class='checkyeti-cta-button' target=\"_blank\" title=\"Adult group lesson\">Grupowa jazda na nartach dla doros\u0142ych<\/a>\r\n<\/div>\n\n<\/div><\/div><\/div>\n\n<div class=\"gb-grid-column gb-grid-column-e74f8154\"><div class=\"gb-container gb-container-e74f8154\"><div class=\"gb-inside-container\">\n\n<figure class=\"wp-block-image size-large is-style-default\"><img loading=\"lazy\" decoding=\"async\" width=\"799\" height=\"533\" src=\"https:\/\/blog-cdn.checkyeti.com\/wp-content\/uploads\/2021\/10\/47998769286_6498caf1ed_c.jpg\" alt=\"\" class=\"wp-image-16739\" srcset=\"https:\/\/blog-cdn.checkyeti.com\/wp-content\/uploads\/2021\/10\/47998769286_6498caf1ed_c.jpg 799w, https:\/\/blog-cdn.checkyeti.com\/wp-content\/uploads\/2021\/10\/47998769286_6498caf1ed_c-300x200.jpg 300w, https:\/\/blog-cdn.checkyeti.com\/wp-content\/uploads\/2021\/10\/47998769286_6498caf1ed_c-768x512.jpg 768w\" sizes=\"(max-width: 767px) 89vw, (max-width: 1000px) 54vw, (max-width: 1071px) 543px, 580px\" \/><\/figure>\n\n\n\n<div class='checkyeti-cta-button-wrapper'>\r\n\t<a href=\"https:\/\/www.checkyeti.com\/en\/winter\/italy\/livigno\/certified-ski-schools-ski-instructors?productTypes=skiing-kids&amp;productCategories=private\" class='checkyeti-cta-button' target=\"_blank\" title=\"Kids Private lessons\">Indywidualna jazda na nartach dla dzieci<\/a>\r\n<\/div>\n\n\n\n<figure class=\"wp-block-image size-large is-style-default\"><img loading=\"lazy\" decoding=\"async\" width=\"799\" height=\"533\" src=\"https:\/\/blog-cdn.checkyeti.com\/wp-content\/uploads\/2021\/10\/47998860262_aec3b114a0_c.jpg\" alt=\"\" class=\"wp-image-16742\" srcset=\"https:\/\/blog-cdn.checkyeti.com\/wp-content\/uploads\/2021\/10\/47998860262_aec3b114a0_c.jpg 799w, https:\/\/blog-cdn.checkyeti.com\/wp-content\/uploads\/2021\/10\/47998860262_aec3b114a0_c-300x200.jpg 300w, https:\/\/blog-cdn.checkyeti.com\/wp-content\/uploads\/2021\/10\/47998860262_aec3b114a0_c-768x512.jpg 768w\" sizes=\"(max-width: 767px) 89vw, (max-width: 1000px) 54vw, (max-width: 1071px) 543px, 580px\" \/><\/figure>\n\n\n\n<div class='checkyeti-cta-button-wrapper'>\r\n\t<a href=\"https:\/\/www.checkyeti.com\/en\/winter\/italy\/livigno\/certified-ski-schools-ski-instructors?productTypes=skiing-adults&amp;productCategories=private\" class='checkyeti-cta-button' target=\"_blank\" title=\"Adult private lessons\">Indywidualna jazda na nartach dla doros\u0142ych<\/a>\r\n<\/div>\n\n<\/div><\/div><\/div>\n<\/div>\n\n<div class=\"gb-button-wrapper gb-button-wrapper-b361c77a\">\n\n<a class=\"gb-button gb-button-1feef5f5 gb-button-text\" style=\"box-shadow: none !important;\" href=\"https:\/\/www.checkyeti.com\/en\/winter\/italy\/livigno\/certified-ski-schools-ski-instructors\"><strong>Zobacz oferty wszystkich szk\u00f3\u0142 narciarskich<\/strong><\/a>\n\n<\/div>\n\n\n<hr class=\"wp-block-separator is-style-wide\"\/>\n\n\n\n<h2 class=\"wp-block-heading\" style=\"font-size:25px\">Co zyskujesz korzystaj\u0105c z checkyeti<\/h2>\n\n\n\n<p><strong>\u2713 Najlepsze ceny<br>\u2713 Zweryfikowane opinie klient\u00f3w<br>\u2713 365-dniowa obs\u0142uga klienta<br>\u2713 \u0141atwa rezerwacja online<\/strong><\/p>\n\n\n\n<h2 class=\"wp-block-heading\" style=\"font-size:25px\">Skontaktuj si\u0119 z nami<\/h2>\n\n\n<div class=\"gb-grid-wrapper gb-grid-wrapper-9edbfe3a\">\n<div class=\"gb-grid-column gb-grid-column-e10226a3\"><div class=\"gb-container gb-container-e10226a3\"><div class=\"gb-inside-container\">\n\n<div class=\"wp-block-image is-style-rounded\"><figure class=\"aligncenter size-large is-resized\"><img loading=\"lazy\" decoding=\"async\" src=\"https:\/\/blog-cdn.checkyeti.com\/wp-content\/uploads\/2021\/10\/laura_small_darkened-background-1.jpg\" alt=\"\" class=\"wp-image-16920\" width=\"125\" height=\"125\" srcset=\"https:\/\/blog-cdn.checkyeti.com\/wp-content\/uploads\/2021\/10\/laura_small_darkened-background-1.jpg 600w, https:\/\/blog-cdn.checkyeti.com\/wp-content\/uploads\/2021\/10\/laura_small_darkened-background-1-300x300.jpg 300w, https:\/\/blog-cdn.checkyeti.com\/wp-content\/uploads\/2021\/10\/laura_small_darkened-background-1-150x150.jpg 150w, https:\/\/blog-cdn.checkyeti.com\/wp-content\/uploads\/2021\/10\/laura_small_darkened-background-1-100x100.jpg 100w\" sizes=\"(max-width: 125px) 100vw, 125px\" \/><\/figure><\/div>\n\n<\/div><\/div><\/div>\n\n<div class=\"gb-grid-column gb-grid-column-405d7146\"><div class=\"gb-container gb-container-405d7146\"><div class=\"gb-inside-container\">\n\n<p><strong>Chcesz dokona\u0107 rezerwacji przez telefon?<\/strong><br>Porozmawiaj z naszym ekspertem od sport\u00f3w zimowych Laura<br><br><img decoding=\"async\" src=\"https:\/\/blog-cdn.checkyeti.com\/wp-content\/uploads\/2021\/09\/15x15xphone-32.png.pagespeed.ic.Q3asm5DxIn.webp\" alt=\"\" style=\"width: 17px;\">&nbsp;<strong>+43 1 386 50 20<\/strong><\/p>\n\n<\/div><\/div><\/div>\n<\/div>\n\n\n<p><\/p>\n","protected":false},"excerpt":{"rendered":"<p>W\u0142ochy :Popularne szko\u0142y narciarskie w Livigno Por\u00f3wnaj oferty ponad 20 szk\u00f3\u0142 narciarskich z ponad 140 opiniami klient\u00f3w, dotycz\u0105cymi lekcji jazdy na nartach, lekcji jazdy na snowboardzie i nie tylko. Scuola di Sci Azzurra Livigno Bezp\u0142atne anulowanie wszystkich rezerwacjiMo\u017cliwo\u015b\u0107 wypo\u017cyczenia nart i snowboard\u00f3w Scuola di Sci e Snowboard Livigno Italy Por\u00f3wnaj wed\u0142ug kategorii kurs\u00f3w Wyszukaj dost\u0119pne &hellip; <\/p>\n<p class=\"link-more\"><a href=\"https:\/\/www.checkyeti.com\/blog\/en\/szkoly-narciarskie-w-livigno-zarezerwuj-lekcje-narciarstwa\" class=\"more-link\">Continue reading<span class=\"screen-reader-text\"> &#8220;Szko\u0142y narciarskie w Livigno: Zarezerwuj lekcje narciarstwa&#8221;<\/span><\/a><\/p>\n","protected":false},"author":27,"featured_media":0,"parent":0,"menu_order":0,"comment_status":"closed","ping_status":"closed","template":"","meta":{"_acf_changed":false,"_generate-full-width-content":"","footnotes":""},"coauthors":[793],"acf":[],"yoast_head":"<!-- This site is optimized with the Yoast SEO plugin v16.6.1 - https:\/\/yoast.com\/wordpress\/plugins\/seo\/ -->\n<title>Szko\u0142y narciarskie w Livigno: Zarezerwuj lekcje narciarstwa - checkyeti Blog<\/title>\n<meta name=\"description\" content=\"Por\u00f3wnaj oferty ponad 20 szk\u00f3\u0142 narciarskich z ponad 400 opiniami klient\u00f3w, dotycz\u0105cymi lekcji jazdy na nartach, lekcji jazdy na snowboardzie i nie tylko.\" \/>\n<meta name=\"robots\" content=\"index, follow, max-snippet:-1, max-image-preview:large, max-video-preview:-1\" \/>\n<link rel=\"canonical\" href=\"https:\/\/www.checkyeti.com\/blog\/en\/szkoly-narciarskie-w-livigno-zarezerwuj-lekcje-narciarstwa\" \/>\n<meta property=\"og:locale\" content=\"en_US\" \/>\n<meta property=\"og:type\" content=\"article\" \/>\n<meta property=\"og:title\" content=\"Szko\u0142y narciarskie w Livigno: Zarezerwuj lekcje narciarstwa - checkyeti Blog\" \/>\n<meta property=\"og:description\" content=\"Por\u00f3wnaj oferty ponad 20 szk\u00f3\u0142 narciarskich z ponad 400 opiniami klient\u00f3w, dotycz\u0105cymi lekcji jazdy na nartach, lekcji jazdy na snowboardzie i nie tylko.\" \/>\n<meta property=\"og:url\" content=\"https:\/\/www.checkyeti.com\/blog\/en\/szkoly-narciarskie-w-livigno-zarezerwuj-lekcje-narciarstwa\" \/>\n<meta property=\"og:site_name\" content=\"checkyeti Blog\" \/>\n<meta property=\"article:modified_time\" content=\"2021-10-15T11:50:42+00:00\" \/>\n<meta property=\"og:image\" content=\"https:\/\/wordpress.checkyeti.com\/wp-content\/uploads\/2021\/10\/ski-schools-livigno_sem-resort-hero-1024x367.jpg\" \/>\n<meta name=\"twitter:card\" content=\"summary_large_image\" \/>\n<meta name=\"twitter:label1\" content=\"Est. reading time\" \/>\n\t<meta name=\"twitter:data1\" content=\"3 minutes\" \/>\n<script type=\"application\/ld+json\" class=\"yoast-schema-graph\">{\"@context\":\"https:\/\/schema.org\",\"@graph\":[{\"@type\":\"WebSite\",\"@id\":\"https:\/\/www.checkyeti.com\/blog\/#website\",\"url\":\"https:\/\/www.checkyeti.com\/blog\/\",\"name\":\"checkyeti Blog\",\"description\":\"\",\"potentialAction\":[{\"@type\":\"SearchAction\",\"target\":{\"@type\":\"EntryPoint\",\"urlTemplate\":\"https:\/\/www.checkyeti.com\/blog\/?s={search_term_string}\"},\"query-input\":\"required name=search_term_string\"}],\"inLanguage\":\"en-US\"},{\"@type\":\"ImageObject\",\"@id\":\"https:\/\/www.checkyeti.com\/blog\/en\/szkoly-narciarskie-w-livigno-zarezerwuj-lekcje-narciarstwa#primaryimage\",\"inLanguage\":\"en-US\",\"url\":\"https:\/\/blog-cdn.checkyeti.com\/wp-content\/uploads\/2021\/10\/ski-schools-livigno_sem-resort-hero.jpg\",\"contentUrl\":\"https:\/\/blog-cdn.checkyeti.com\/wp-content\/uploads\/2021\/10\/ski-schools-livigno_sem-resort-hero.jpg\",\"width\":1534,\"height\":550},{\"@type\":\"WebPage\",\"@id\":\"https:\/\/www.checkyeti.com\/blog\/en\/szkoly-narciarskie-w-livigno-zarezerwuj-lekcje-narciarstwa#webpage\",\"url\":\"https:\/\/www.checkyeti.com\/blog\/en\/szkoly-narciarskie-w-livigno-zarezerwuj-lekcje-narciarstwa\",\"name\":\"Szko\\u0142y narciarskie w Livigno: Zarezerwuj lekcje narciarstwa - checkyeti Blog\",\"isPartOf\":{\"@id\":\"https:\/\/www.checkyeti.com\/blog\/#website\"},\"primaryImageOfPage\":{\"@id\":\"https:\/\/www.checkyeti.com\/blog\/en\/szkoly-narciarskie-w-livigno-zarezerwuj-lekcje-narciarstwa#primaryimage\"},\"datePublished\":\"2021-10-15T11:49:19+00:00\",\"dateModified\":\"2021-10-15T11:50:42+00:00\",\"description\":\"Por\\u00f3wnaj oferty ponad 20 szk\\u00f3\\u0142 narciarskich z ponad 400 opiniami klient\\u00f3w, dotycz\\u0105cymi lekcji jazdy na nartach, lekcji jazdy na snowboardzie i nie tylko.\",\"breadcrumb\":{\"@id\":\"https:\/\/www.checkyeti.com\/blog\/en\/szkoly-narciarskie-w-livigno-zarezerwuj-lekcje-narciarstwa#breadcrumb\"},\"inLanguage\":\"en-US\",\"potentialAction\":[{\"@type\":\"ReadAction\",\"target\":[\"https:\/\/www.checkyeti.com\/blog\/en\/szkoly-narciarskie-w-livigno-zarezerwuj-lekcje-narciarstwa\"]}]},{\"@type\":\"BreadcrumbList\",\"@id\":\"https:\/\/www.checkyeti.com\/blog\/en\/szkoly-narciarskie-w-livigno-zarezerwuj-lekcje-narciarstwa#breadcrumb\",\"itemListElement\":[{\"@type\":\"ListItem\",\"position\":1,\"name\":\"Accueil\",\"item\":\"https:\/\/www.checkyeti.com\/blog\/fr\"},{\"@type\":\"ListItem\",\"position\":2,\"name\":\"Szko\\u0142y narciarskie w Livigno: Zarezerwuj lekcje narciarstwa\"}]}]}<\/script>\n<!-- \/ Yoast SEO plugin. -->","lang":"en","translations":{"en":17093},"pll_sync_post":[],"_links":{"self":[{"href":"https:\/\/www.checkyeti.com\/blog\/wp-json\/wp\/v2\/pages\/17093"}],"collection":[{"href":"https:\/\/www.checkyeti.com\/blog\/wp-json\/wp\/v2\/pages"}],"about":[{"href":"https:\/\/www.checkyeti.com\/blog\/wp-json\/wp\/v2\/types\/page"}],"author":[{"embeddable":true,"href":"https:\/\/www.checkyeti.com\/blog\/wp-json\/wp\/v2\/users\/27"}],"replies":[{"embeddable":true,"href":"https:\/\/www.checkyeti.com\/blog\/wp-json\/wp\/v2\/comments?post=17093"}],"version-history":[{"count":3,"href":"https:\/\/www.checkyeti.com\/blog\/wp-json\/wp\/v2\/pages\/17093\/revisions"}],"predecessor-version":[{"id":17097,"href":"https:\/\/www.checkyeti.com\/blog\/wp-json\/wp\/v2\/pages\/17093\/revisions\/17097"}],"wp:attachment":[{"href":"https:\/\/www.checkyeti.com\/blog\/wp-json\/wp\/v2\/media?parent=17093"}],"wp:term":[{"taxonomy":"author","embeddable":true,"href":"https:\/\/www.checkyeti.com\/blog\/wp-json\/wp\/v2\/coauthors?post=17093"}],"curies":[{"name":"wp","href":"https:\/\/api.w.org\/{rel}","templated":true}]}}