{"id":17128,"date":"2021-10-19T10:45:22","date_gmt":"2021-10-19T08:45:22","guid":{"rendered":"https:\/\/www.checkyeti.com\/blog\/?page_id=17128"},"modified":"2021-10-19T10:45:25","modified_gmt":"2021-10-19T08:45:25","slug":"szkoly-narciarskie-w-schladming-planai-zarezerwuj-lekcje-narciarstwa","status":"publish","type":"page","link":"https:\/\/www.checkyeti.com\/blog\/en\/szkoly-narciarskie-w-schladming-planai-zarezerwuj-lekcje-narciarstwa","title":{"rendered":"Szko\u0142y narciarskie w Schladming &#8211; Planai: Zarezerwuj lekcje narciarstwa"},"content":{"rendered":"\n<figure class=\"wp-block-image size-large is-style-default\"><img loading=\"lazy\" decoding=\"async\" width=\"1024\" height=\"293\" src=\"https:\/\/blog-cdn.checkyeti.com\/wp-content\/uploads\/2021\/10\/skischulen-schladming-planai_sem-resort-hero_cskiresortde-1024x293.jpg\" alt=\"\" class=\"wp-image-17106\" srcset=\"https:\/\/blog-cdn.checkyeti.com\/wp-content\/uploads\/2021\/10\/skischulen-schladming-planai_sem-resort-hero_cskiresortde-1024x293.jpg 1024w, https:\/\/blog-cdn.checkyeti.com\/wp-content\/uploads\/2021\/10\/skischulen-schladming-planai_sem-resort-hero_cskiresortde-300x86.jpg 300w, https:\/\/blog-cdn.checkyeti.com\/wp-content\/uploads\/2021\/10\/skischulen-schladming-planai_sem-resort-hero_cskiresortde-768x220.jpg 768w, https:\/\/blog-cdn.checkyeti.com\/wp-content\/uploads\/2021\/10\/skischulen-schladming-planai_sem-resort-hero_cskiresortde-1536x440.jpg 1536w, https:\/\/blog-cdn.checkyeti.com\/wp-content\/uploads\/2021\/10\/skischulen-schladming-planai_sem-resort-hero_cskiresortde.jpg 1919w\" sizes=\"(max-width: 767px) 89vw, (max-width: 1000px) 54vw, (max-width: 1071px) 543px, 580px\" \/><\/figure>\n\n\n\n<h1 class=\"gb-headline gb-headline-b4f2a1b1 gb-headline-text\"><img loading=\"lazy\" decoding=\"async\" width=\"550\" height=\"367\" class=\"wp-image-16490\" style=\"width: 25px;\" src=\"https:\/\/blog-cdn.checkyeti.com\/wp-content\/uploads\/2021\/09\/AT.png\" alt=\"\" srcset=\"https:\/\/blog-cdn.checkyeti.com\/wp-content\/uploads\/2021\/09\/AT.png 550w, https:\/\/blog-cdn.checkyeti.com\/wp-content\/uploads\/2021\/09\/AT-300x200.png 300w\" sizes=\"(max-width: 550px) 100vw, 550px\" \/> Austria:<br>Popularne szko\u0142y narciarskie w Schladming &#8211; Planai<\/h1>\n\n\n\n<p>Por\u00f3wnaj oferty ponad 20 szk\u00f3\u0142 narciarskich z ponad 200 opiniami klient\u00f3w, dotycz\u0105cymi lekcji jazdy na nartach, lekcji jazdy na snowboardzie i nie tylko.<\/p>\n\n\n\n<p class=\"has-black-color has-text-color\" style=\"font-size:17px\"><a href=\"https:\/\/www.checkyeti.com\/en\/p\/242\/skischule-hopl\">Skischule Hopl Schladming<\/a><\/p>\n\n\n<div class=\"gb-grid-wrapper gb-grid-wrapper-6975d769\">\n<div class=\"gb-grid-column gb-grid-column-483f5e3f\"><div class=\"gb-container gb-container-483f5e3f\"><div class=\"gb-inside-container\">\n\n<p style=\"font-size:15px\"><strong>Oferowane kursy:<\/strong><br>&#8211; Lekcje jazdy na nartach dla dzieci<br>&#8211; Lekcje jazdy na nartach dla doros\u0142ych<br>&#8211; Lekcje jazdy na snowboardzie<br>&#8211; Darmowe lekcje Freeride<\/p>\n\n<\/div><\/div><\/div>\n\n<div class=\"gb-grid-column gb-grid-column-807b4930\"><div class=\"gb-container gb-container-807b4930\"><div class=\"gb-inside-container\">\n\n<div class=\"wp-block-image is-style-rounded\"><figure class=\"alignright size-large is-resized\"><img loading=\"lazy\" decoding=\"async\" src=\"https:\/\/blog-cdn.checkyeti.com\/wp-content\/uploads\/2021\/10\/skischule-hopl_logo.png\" alt=\"\" class=\"wp-image-17107\" width=\"121\" height=\"121\" srcset=\"https:\/\/blog-cdn.checkyeti.com\/wp-content\/uploads\/2021\/10\/skischule-hopl_logo.png 500w, https:\/\/blog-cdn.checkyeti.com\/wp-content\/uploads\/2021\/10\/skischule-hopl_logo-300x300.png 300w, https:\/\/blog-cdn.checkyeti.com\/wp-content\/uploads\/2021\/10\/skischule-hopl_logo-150x150.png 150w, https:\/\/blog-cdn.checkyeti.com\/wp-content\/uploads\/2021\/10\/skischule-hopl_logo-100x100.png 100w\" sizes=\"(max-width: 121px) 100vw, 121px\" \/><\/figure><\/div>\n\n<\/div><\/div><\/div>\n<\/div>\n\n\n<p class=\"has-small-font-size\"><strong>Bezp\u0142atne anulowanie wszystkich rezerwacji grupowych<\/strong><\/p>\n\n\n\n<hr class=\"wp-block-separator\"\/>\n\n\n\n<p class=\"has-black-color has-text-color\" style=\"font-size:17px\"><a href=\"https:\/\/www.checkyeti.com\/en\/p\/257\/skischule-tritscher\">Skischule Tritscher Schladming<\/a><\/p>\n\n\n<div class=\"gb-grid-wrapper gb-grid-wrapper-2622b7c6\">\n<div class=\"gb-grid-column gb-grid-column-796a2e0c\"><div class=\"gb-container gb-container-796a2e0c\"><div class=\"gb-inside-container\">\n<div class=\"gb-grid-wrapper gb-grid-wrapper-2d35fe85\">\n<div class=\"gb-grid-column gb-grid-column-a430fd6b\"><div class=\"gb-container gb-container-a430fd6b\"><div class=\"gb-inside-container\">\n\n<p style=\"font-size:15px\"><strong>Oferowane kursy:<\/strong><br>&#8211; Lekcje jazdy na nartach dla dzieci<br>&#8211; Lekcje jazdy na nartach dla doros\u0142ych<br>&#8211; Lekcje jazdy na snowboardzie<br>&#8211; Indywidualne darmowe lekcje Freeride<\/p>\n\n<\/div><\/div><\/div>\n<\/div>\n\n\n<p class=\"has-small-font-size\"><strong><strong>Bezp\u0142atne anulowanie wszystkich rezerwacji<\/strong><\/strong><\/p>\n\n<\/div><\/div><\/div>\n\n<div class=\"gb-grid-column gb-grid-column-56256b82\"><div class=\"gb-container gb-container-56256b82\"><div class=\"gb-inside-container\">\n\n<div class=\"wp-block-image\"><figure class=\"alignright size-large is-resized\"><img loading=\"lazy\" decoding=\"async\" src=\"https:\/\/blog-cdn.checkyeti.com\/wp-content\/uploads\/2021\/10\/logo-skischule-tritscher.jpg\" alt=\"\" class=\"wp-image-17108\" width=\"111\" height=\"111\" srcset=\"https:\/\/blog-cdn.checkyeti.com\/wp-content\/uploads\/2021\/10\/logo-skischule-tritscher.jpg 296w, https:\/\/blog-cdn.checkyeti.com\/wp-content\/uploads\/2021\/10\/logo-skischule-tritscher-150x150.jpg 150w, https:\/\/blog-cdn.checkyeti.com\/wp-content\/uploads\/2021\/10\/logo-skischule-tritscher-100x100.jpg 100w\" sizes=\"(max-width: 111px) 100vw, 111px\" \/><\/figure><\/div>\n\n<\/div><\/div><\/div>\n<\/div>\n\n\n<hr class=\"wp-block-separator is-style-default\"\/>\n\n\n\n<p class=\"has-black-color has-text-color\"><a href=\"https:\/\/www.checkyeti.com\/en\/p\/244\/boardstars\">BoardStars Snowboardschule Schladming<\/a><\/p>\n\n\n<div class=\"gb-grid-wrapper gb-grid-wrapper-b40fbd15\">\n<div class=\"gb-grid-column gb-grid-column-2ffc19d2\"><div class=\"gb-container gb-container-2ffc19d2\"><div class=\"gb-inside-container\">\n<div class=\"gb-grid-wrapper gb-grid-wrapper-7772f378\">\n<div class=\"gb-grid-column gb-grid-column-1176f7f9\"><div class=\"gb-container gb-container-1176f7f9\"><div class=\"gb-inside-container\">\n\n<p style=\"font-size:15px\"><strong><strong>Oferowane kursy:<\/strong><br><\/strong>&#8211; Lekcje jazdy na snowboardzie <br>&#8211; Indywidualne darmowe lekcje Freeride<\/p>\n\n<\/div><\/div><\/div>\n<\/div>\n\n\n<p class=\"has-small-font-size\"><strong><strong>Bezp\u0142atne anulowanie wszystkich rezerwacji<br>Mo\u017cliwo\u015b\u0107 wypo\u017cyczenia snowboard\u00f3w<\/strong><\/strong><\/p>\n\n<\/div><\/div><\/div>\n\n<div class=\"gb-grid-column gb-grid-column-b4d03509\"><div class=\"gb-container gb-container-b4d03509\"><div class=\"gb-inside-container\">\n\n<div class=\"wp-block-image is-style-rounded\"><figure class=\"alignright size-large is-resized\"><img loading=\"lazy\" decoding=\"async\" src=\"https:\/\/blog-cdn.checkyeti.com\/wp-content\/uploads\/2021\/10\/logo-boardstars.jpg\" alt=\"\" class=\"wp-image-17109\" width=\"93\" height=\"93\" srcset=\"https:\/\/blog-cdn.checkyeti.com\/wp-content\/uploads\/2021\/10\/logo-boardstars.jpg 500w, https:\/\/blog-cdn.checkyeti.com\/wp-content\/uploads\/2021\/10\/logo-boardstars-300x300.jpg 300w, https:\/\/blog-cdn.checkyeti.com\/wp-content\/uploads\/2021\/10\/logo-boardstars-150x150.jpg 150w, https:\/\/blog-cdn.checkyeti.com\/wp-content\/uploads\/2021\/10\/logo-boardstars-100x100.jpg 100w\" sizes=\"(max-width: 93px) 100vw, 93px\" \/><\/figure><\/div>\n\n<\/div><\/div><\/div>\n<\/div>\n\n\n<hr class=\"wp-block-separator is-style-wide\"\/>\n\n\n\n<h2 class=\"wp-block-heading\" style=\"font-size:25px\">Por\u00f3wnaj wed\u0142ug kategorii kurs\u00f3w<\/h2>\n\n\n\n<p>Wyszukaj dost\u0119pne lekcje jazdy na nartach, lekcje jazdy na snowboardzie oraz inne zaj\u0119cia, oferowane przez szko\u0142y narciarskie w Schladming &#8211; Planai.<\/p>\n\n\n<div class=\"gb-grid-wrapper gb-grid-wrapper-b214679f\">\n<div class=\"gb-grid-column gb-grid-column-6e3ee949\"><div class=\"gb-container gb-container-6e3ee949\"><div class=\"gb-inside-container\">\n\n<figure class=\"wp-block-image size-large is-style-default\"><img loading=\"lazy\" decoding=\"async\" width=\"799\" height=\"533\" src=\"https:\/\/blog-cdn.checkyeti.com\/wp-content\/uploads\/2021\/10\/47998801071_aeafe9b4f5_c-1.jpg\" alt=\"\" class=\"wp-image-16702\" srcset=\"https:\/\/blog-cdn.checkyeti.com\/wp-content\/uploads\/2021\/10\/47998801071_aeafe9b4f5_c-1.jpg 799w, https:\/\/blog-cdn.checkyeti.com\/wp-content\/uploads\/2021\/10\/47998801071_aeafe9b4f5_c-1-300x200.jpg 300w, https:\/\/blog-cdn.checkyeti.com\/wp-content\/uploads\/2021\/10\/47998801071_aeafe9b4f5_c-1-768x512.jpg 768w\" sizes=\"(max-width: 767px) 89vw, (max-width: 1000px) 54vw, (max-width: 1071px) 543px, 580px\" \/><\/figure>\n\n\n\n<div class='checkyeti-cta-button-wrapper'>\r\n\t<a href=\"https:\/\/www.checkyeti.com\/en\/winter\/austria\/schladming-planai\/certified-ski-schools-ski-instructors?productTypes=skiing-kids&amp;productCategories=group\" class='checkyeti-cta-button' target=\"_blank\" title=\"Kids Group lessons\">Grupowa jazda na nartach dla dzieci<\/a>\r\n<\/div>\n\n\n\n<figure class=\"wp-block-image size-large is-style-default\"><img loading=\"lazy\" decoding=\"async\" width=\"799\" height=\"533\" src=\"https:\/\/blog-cdn.checkyeti.com\/wp-content\/uploads\/2021\/10\/47998912736_2a291941ca_c.jpg\" alt=\"\" class=\"wp-image-16741\" srcset=\"https:\/\/blog-cdn.checkyeti.com\/wp-content\/uploads\/2021\/10\/47998912736_2a291941ca_c.jpg 799w, https:\/\/blog-cdn.checkyeti.com\/wp-content\/uploads\/2021\/10\/47998912736_2a291941ca_c-300x200.jpg 300w, https:\/\/blog-cdn.checkyeti.com\/wp-content\/uploads\/2021\/10\/47998912736_2a291941ca_c-768x512.jpg 768w\" sizes=\"(max-width: 767px) 89vw, (max-width: 1000px) 54vw, (max-width: 1071px) 543px, 580px\" \/><\/figure>\n\n\n\n<div class='checkyeti-cta-button-wrapper'>\r\n\t<a href=\"https:\/\/www.checkyeti.com\/en\/winter\/austria\/schladming-planai\/certified-ski-schools-ski-instructors?productTypes=skiing-adults&amp;productCategories=group\" class='checkyeti-cta-button' target=\"_blank\" title=\"Adult group lesson\">Grupowa jazda na nartach dla doros\u0142ych<\/a>\r\n<\/div>\n\n<\/div><\/div><\/div>\n\n<div class=\"gb-grid-column gb-grid-column-2d038c29\"><div class=\"gb-container gb-container-2d038c29\"><div class=\"gb-inside-container\">\n\n<figure class=\"wp-block-image size-large is-style-default\"><img loading=\"lazy\" decoding=\"async\" width=\"799\" height=\"533\" src=\"https:\/\/blog-cdn.checkyeti.com\/wp-content\/uploads\/2021\/10\/47998769286_6498caf1ed_c.jpg\" alt=\"\" class=\"wp-image-16739\" srcset=\"https:\/\/blog-cdn.checkyeti.com\/wp-content\/uploads\/2021\/10\/47998769286_6498caf1ed_c.jpg 799w, https:\/\/blog-cdn.checkyeti.com\/wp-content\/uploads\/2021\/10\/47998769286_6498caf1ed_c-300x200.jpg 300w, https:\/\/blog-cdn.checkyeti.com\/wp-content\/uploads\/2021\/10\/47998769286_6498caf1ed_c-768x512.jpg 768w\" sizes=\"(max-width: 767px) 89vw, (max-width: 1000px) 54vw, (max-width: 1071px) 543px, 580px\" \/><\/figure>\n\n\n\n<div class='checkyeti-cta-button-wrapper'>\r\n\t<a href=\"https:\/\/www.checkyeti.com\/en\/winter\/austria\/schladming-planai\/certified-ski-schools-ski-instructors?productCategories=private\" class='checkyeti-cta-button' target=\"_blank\" title=\"Kids Private lessons\">Indywidualna jazda na nartach dla dzieci<\/a>\r\n<\/div>\n\n\n\n<figure class=\"wp-block-image size-large is-style-default\"><img loading=\"lazy\" decoding=\"async\" width=\"799\" height=\"533\" src=\"https:\/\/blog-cdn.checkyeti.com\/wp-content\/uploads\/2021\/10\/47998860262_aec3b114a0_c.jpg\" alt=\"\" class=\"wp-image-16742\" srcset=\"https:\/\/blog-cdn.checkyeti.com\/wp-content\/uploads\/2021\/10\/47998860262_aec3b114a0_c.jpg 799w, https:\/\/blog-cdn.checkyeti.com\/wp-content\/uploads\/2021\/10\/47998860262_aec3b114a0_c-300x200.jpg 300w, https:\/\/blog-cdn.checkyeti.com\/wp-content\/uploads\/2021\/10\/47998860262_aec3b114a0_c-768x512.jpg 768w\" sizes=\"(max-width: 767px) 89vw, (max-width: 1000px) 54vw, (max-width: 1071px) 543px, 580px\" \/><\/figure>\n\n\n\n<div class='checkyeti-cta-button-wrapper'>\r\n\t<a href=\"https:\/\/www.checkyeti.com\/en\/winter\/austria\/schladming-planai\/certified-ski-schools-ski-instructors?productTypes=skiing-adults&amp;productCategories=private\" class='checkyeti-cta-button' target=\"_blank\" title=\"Adult private lessons\">Indywidualna jazda na nartach dla doros\u0142ych<\/a>\r\n<\/div>\n\n<\/div><\/div><\/div>\n<\/div>\n\n<div class=\"gb-button-wrapper gb-button-wrapper-13878ce0\">\n\n<a class=\"gb-button gb-button-1feef5f5 gb-button-text\" style=\"box-shadow: none !important;\" href=\"https:\/\/www.checkyeti.com\/en\/winter\/austria\/schladming-planai\/certified-ski-schools-ski-instructors\"><strong>Zobacz oferty wszystkich szk\u00f3\u0142 narciarskich<\/strong><\/a>\n\n<\/div>\n\n\n<hr class=\"wp-block-separator is-style-wide\"\/>\n\n\n\n<h2 class=\"wp-block-heading\" style=\"font-size:25px\">Co zyskujesz korzystaj\u0105c z checkyeti<\/h2>\n\n\n\n<p><strong>\u2713 Najlepsze ceny<br>\u2713 Zweryfikowane opinie klient\u00f3w<br>\u2713 365-dniowa obs\u0142uga klienta<br>\u2713 \u0141atwa rezerwacja online<\/strong><\/p>\n\n\n\n<h2 class=\"wp-block-heading\" style=\"font-size:25px\">Skontaktuj si\u0119 z nami<\/h2>\n\n\n<div class=\"gb-grid-wrapper gb-grid-wrapper-d681a52b\">\n<div class=\"gb-grid-column gb-grid-column-eabd97d5\"><div class=\"gb-container gb-container-eabd97d5\"><div class=\"gb-inside-container\">\n\n<div class=\"wp-block-image is-style-rounded\"><figure class=\"aligncenter size-large is-resized\"><img loading=\"lazy\" decoding=\"async\" src=\"https:\/\/blog-cdn.checkyeti.com\/wp-content\/uploads\/2021\/10\/laura_small_darkened-background-1.jpg\" alt=\"\" class=\"wp-image-16920\" width=\"125\" height=\"125\" srcset=\"https:\/\/blog-cdn.checkyeti.com\/wp-content\/uploads\/2021\/10\/laura_small_darkened-background-1.jpg 600w, https:\/\/blog-cdn.checkyeti.com\/wp-content\/uploads\/2021\/10\/laura_small_darkened-background-1-300x300.jpg 300w, https:\/\/blog-cdn.checkyeti.com\/wp-content\/uploads\/2021\/10\/laura_small_darkened-background-1-150x150.jpg 150w, https:\/\/blog-cdn.checkyeti.com\/wp-content\/uploads\/2021\/10\/laura_small_darkened-background-1-100x100.jpg 100w\" sizes=\"(max-width: 125px) 100vw, 125px\" \/><\/figure><\/div>\n\n<\/div><\/div><\/div>\n\n<div class=\"gb-grid-column gb-grid-column-d9e89fda\"><div class=\"gb-container gb-container-d9e89fda\"><div class=\"gb-inside-container\">\n\n<p><strong>Chcesz dokona\u0107 rezerwacji przez telefon?<\/strong><br>Porozmawiaj z naszym ekspertem od sport\u00f3w zimowych Laura<br><br><img decoding=\"async\" src=\"https:\/\/blog-cdn.checkyeti.com\/wp-content\/uploads\/2021\/09\/15x15xphone-32.png.pagespeed.ic.Q3asm5DxIn.webp\" alt=\"\" style=\"width: 17px;\">&nbsp;<strong>+43 1 386 50 20<\/strong><\/p>\n\n<\/div><\/div><\/div>\n<\/div>\n\n\n<p><\/p>\n","protected":false},"excerpt":{"rendered":"<p>Austria:Popularne szko\u0142y narciarskie w Schladming &#8211; Planai Por\u00f3wnaj oferty ponad 20 szk\u00f3\u0142 narciarskich z ponad 200 opiniami klient\u00f3w, dotycz\u0105cymi lekcji jazdy na nartach, lekcji jazdy na snowboardzie i nie tylko. Skischule Hopl Schladming Bezp\u0142atne anulowanie wszystkich rezerwacji grupowych Skischule Tritscher Schladming BoardStars Snowboardschule Schladming Por\u00f3wnaj wed\u0142ug kategorii kurs\u00f3w Wyszukaj dost\u0119pne lekcje jazdy na nartach, lekcje &hellip; <\/p>\n<p class=\"link-more\"><a href=\"https:\/\/www.checkyeti.com\/blog\/en\/szkoly-narciarskie-w-schladming-planai-zarezerwuj-lekcje-narciarstwa\" class=\"more-link\">Continue reading<span class=\"screen-reader-text\"> &#8220;Szko\u0142y narciarskie w Schladming &#8211; Planai: Zarezerwuj lekcje narciarstwa&#8221;<\/span><\/a><\/p>\n","protected":false},"author":27,"featured_media":0,"parent":0,"menu_order":0,"comment_status":"closed","ping_status":"closed","template":"","meta":{"_acf_changed":false,"_generate-full-width-content":"","footnotes":""},"coauthors":[793],"acf":[],"yoast_head":"<!-- This site is optimized with the Yoast SEO plugin v16.6.1 - https:\/\/yoast.com\/wordpress\/plugins\/seo\/ -->\n<title>Szko\u0142y narciarskie w Schladming - Planai: Zarezerwuj lekcje narciarstwa - checkyeti Blog<\/title>\n<meta name=\"description\" content=\"Por\u00f3wnaj oferty ponad 20 szk\u00f3\u0142 narciarskich z ponad 400 opiniami klient\u00f3w, dotycz\u0105cymi lekcji jazdy na nartach, lekcji jazdy na snowboardzie i nie tylko.\" \/>\n<meta name=\"robots\" content=\"index, follow, max-snippet:-1, max-image-preview:large, max-video-preview:-1\" \/>\n<link rel=\"canonical\" href=\"https:\/\/www.checkyeti.com\/blog\/en\/szkoly-narciarskie-w-schladming-planai-zarezerwuj-lekcje-narciarstwa\" \/>\n<meta property=\"og:locale\" content=\"en_US\" \/>\n<meta property=\"og:type\" content=\"article\" \/>\n<meta property=\"og:title\" content=\"Szko\u0142y narciarskie w Schladming - Planai: Zarezerwuj lekcje narciarstwa - checkyeti Blog\" \/>\n<meta property=\"og:description\" content=\"Por\u00f3wnaj oferty ponad 20 szk\u00f3\u0142 narciarskich z ponad 400 opiniami klient\u00f3w, dotycz\u0105cymi lekcji jazdy na nartach, lekcji jazdy na snowboardzie i nie tylko.\" \/>\n<meta property=\"og:url\" content=\"https:\/\/www.checkyeti.com\/blog\/en\/szkoly-narciarskie-w-schladming-planai-zarezerwuj-lekcje-narciarstwa\" \/>\n<meta property=\"og:site_name\" content=\"checkyeti Blog\" \/>\n<meta property=\"article:modified_time\" content=\"2021-10-19T08:45:25+00:00\" \/>\n<meta property=\"og:image\" content=\"https:\/\/wordpress.checkyeti.com\/wp-content\/uploads\/2021\/10\/skischulen-schladming-planai_sem-resort-hero_cskiresortde-1024x293.jpg\" \/>\n<meta name=\"twitter:card\" content=\"summary_large_image\" \/>\n<meta name=\"twitter:label1\" content=\"Est. reading time\" \/>\n\t<meta name=\"twitter:data1\" content=\"4 minutes\" \/>\n<script type=\"application\/ld+json\" class=\"yoast-schema-graph\">{\"@context\":\"https:\/\/schema.org\",\"@graph\":[{\"@type\":\"WebSite\",\"@id\":\"https:\/\/www.checkyeti.com\/blog\/#website\",\"url\":\"https:\/\/www.checkyeti.com\/blog\/\",\"name\":\"checkyeti Blog\",\"description\":\"\",\"potentialAction\":[{\"@type\":\"SearchAction\",\"target\":{\"@type\":\"EntryPoint\",\"urlTemplate\":\"https:\/\/www.checkyeti.com\/blog\/?s={search_term_string}\"},\"query-input\":\"required name=search_term_string\"}],\"inLanguage\":\"en-US\"},{\"@type\":\"ImageObject\",\"@id\":\"https:\/\/www.checkyeti.com\/blog\/en\/szkoly-narciarskie-w-schladming-planai-zarezerwuj-lekcje-narciarstwa#primaryimage\",\"inLanguage\":\"en-US\",\"url\":\"https:\/\/blog-cdn.checkyeti.com\/wp-content\/uploads\/2021\/10\/skischulen-schladming-planai_sem-resort-hero_cskiresortde.jpg\",\"contentUrl\":\"https:\/\/blog-cdn.checkyeti.com\/wp-content\/uploads\/2021\/10\/skischulen-schladming-planai_sem-resort-hero_cskiresortde.jpg\",\"width\":1919,\"height\":550},{\"@type\":\"WebPage\",\"@id\":\"https:\/\/www.checkyeti.com\/blog\/en\/szkoly-narciarskie-w-schladming-planai-zarezerwuj-lekcje-narciarstwa#webpage\",\"url\":\"https:\/\/www.checkyeti.com\/blog\/en\/szkoly-narciarskie-w-schladming-planai-zarezerwuj-lekcje-narciarstwa\",\"name\":\"Szko\\u0142y narciarskie w Schladming - Planai: Zarezerwuj lekcje narciarstwa - checkyeti Blog\",\"isPartOf\":{\"@id\":\"https:\/\/www.checkyeti.com\/blog\/#website\"},\"primaryImageOfPage\":{\"@id\":\"https:\/\/www.checkyeti.com\/blog\/en\/szkoly-narciarskie-w-schladming-planai-zarezerwuj-lekcje-narciarstwa#primaryimage\"},\"datePublished\":\"2021-10-19T08:45:22+00:00\",\"dateModified\":\"2021-10-19T08:45:25+00:00\",\"description\":\"Por\\u00f3wnaj oferty ponad 20 szk\\u00f3\\u0142 narciarskich z ponad 400 opiniami klient\\u00f3w, dotycz\\u0105cymi lekcji jazdy na nartach, lekcji jazdy na snowboardzie i nie tylko.\",\"breadcrumb\":{\"@id\":\"https:\/\/www.checkyeti.com\/blog\/en\/szkoly-narciarskie-w-schladming-planai-zarezerwuj-lekcje-narciarstwa#breadcrumb\"},\"inLanguage\":\"en-US\",\"potentialAction\":[{\"@type\":\"ReadAction\",\"target\":[\"https:\/\/www.checkyeti.com\/blog\/en\/szkoly-narciarskie-w-schladming-planai-zarezerwuj-lekcje-narciarstwa\"]}]},{\"@type\":\"BreadcrumbList\",\"@id\":\"https:\/\/www.checkyeti.com\/blog\/en\/szkoly-narciarskie-w-schladming-planai-zarezerwuj-lekcje-narciarstwa#breadcrumb\",\"itemListElement\":[{\"@type\":\"ListItem\",\"position\":1,\"name\":\"Accueil\",\"item\":\"https:\/\/www.checkyeti.com\/blog\/de\"},{\"@type\":\"ListItem\",\"position\":2,\"name\":\"Szko\\u0142y narciarskie w Schladming &#8211; Planai: Zarezerwuj lekcje narciarstwa\"}]}]}<\/script>\n<!-- \/ Yoast SEO plugin. -->","lang":"en","translations":{"en":17128},"pll_sync_post":[],"_links":{"self":[{"href":"https:\/\/www.checkyeti.com\/blog\/wp-json\/wp\/v2\/pages\/17128"}],"collection":[{"href":"https:\/\/www.checkyeti.com\/blog\/wp-json\/wp\/v2\/pages"}],"about":[{"href":"https:\/\/www.checkyeti.com\/blog\/wp-json\/wp\/v2\/types\/page"}],"author":[{"embeddable":true,"href":"https:\/\/www.checkyeti.com\/blog\/wp-json\/wp\/v2\/users\/27"}],"replies":[{"embeddable":true,"href":"https:\/\/www.checkyeti.com\/blog\/wp-json\/wp\/v2\/comments?post=17128"}],"version-history":[{"count":1,"href":"https:\/\/www.checkyeti.com\/blog\/wp-json\/wp\/v2\/pages\/17128\/revisions"}],"predecessor-version":[{"id":17129,"href":"https:\/\/www.checkyeti.com\/blog\/wp-json\/wp\/v2\/pages\/17128\/revisions\/17129"}],"wp:attachment":[{"href":"https:\/\/www.checkyeti.com\/blog\/wp-json\/wp\/v2\/media?parent=17128"}],"wp:term":[{"taxonomy":"author","embeddable":true,"href":"https:\/\/www.checkyeti.com\/blog\/wp-json\/wp\/v2\/coauthors?post=17128"}],"curies":[{"name":"wp","href":"https:\/\/api.w.org\/{rel}","templated":true}]}}